{"id":34,"date":"2022-03-17T21:10:08","date_gmt":"2022-03-17T20:10:08","guid":{"rendered":"https:\/\/zither-ursula.ch.univers.ch-meta.net\/?page_id=34"},"modified":"2022-03-20T22:02:06","modified_gmt":"2022-03-20T21:02:06","slug":"standort","status":"publish","type":"page","link":"https:\/\/www.zither-ursula.ch\/?page_id=34","title":{"rendered":"Standort"},"content":{"rendered":"\n<div class=\"wp-block-columns is-layout-flex wp-container-core-columns-is-layout-9d6595d7 wp-block-columns-is-layout-flex\">\n<div class=\"wp-block-column is-layout-flow wp-block-column-is-layout-flow\">\n<p>Adresse:<\/p>\n<\/div>\n\n\n\n<div class=\"wp-block-column is-layout-flow wp-block-column-is-layout-flow\">\n<p>Ursula von Siebenthal<br>Jungfrauweg 15<br>3177 Laupen<\/p>\n<\/div>\n\n\n\n<div class=\"wp-block-column is-layout-flow wp-block-column-is-layout-flow\">\n<p>info@zither-ursula.ch<\/p>\n<\/div>\n<\/div>\n\n\n\n<figure class=\"wp-block-table is-style-stripes\"><table><tbody><tr><td>So finden Sie mich:<\/td><td><\/td><td><\/td><\/tr><tr><td>Mit den \u00f6ffentlichen Verkehrsmitteln:<\/td><td>Sie erreichen mich mit den \u00d6V Bahn oder Postauto.<br>Vom Bahnhof Laupen sind es zirka 8 Minuten Wegzeit zu Fuss.<\/td><td><\/td><\/tr><\/tbody><\/table><\/figure>\n\n\n\n<figure class=\"wp-block-table is-style-stripes\"><table><tbody><tr><td><\/td><td><\/td><td><\/td><td><\/td><\/tr><tr><td>Mit dem Auto:<\/td><td>von Freiburg her:<br>von Neuenburg her:<br>von Bern her:<br>von Bern her:<br>von Murten her:<\/td><td>Ausfahrt Autobahn D\u00fcdingen<br>Ausfahrt Autobahn Kerzers<br>Ausfahrt Autobahn M\u00fchleberg<br>Ausfahrt Autobahn Flamatt<br>Salvenach-Kriechenwil-Laupen<\/td><td>Richtung B\u00f6singen-Laupen<br>Richtung G\u00fcmmenen-Laupen<br>Richtung G\u00fcmmenen-Laupen<br>Richtung Neuenegg-Laupen<br>oder via B\u00fcchslen-G\u00fcmmenen<\/td><\/tr><tr><td><\/td><td><\/td><td><\/td><td><\/td><\/tr><tr><td><\/td><td>Ankunft am:<\/td><td>Jungfrauweg 15<br>3177 Laupen<\/td><td><strong>Parkieren am Niesenweg<\/strong><br>(in ca. 50m N\u00e4he)<br><strong>Parkscheibe nicht vergessen!<\/strong><\/td><\/tr><tr><td><\/td><td><\/td><td><\/td><td><\/td><\/tr><tr><td><\/td><td><\/td><td><\/td><td><\/td><\/tr><\/tbody><\/table><\/figure>\n","protected":false},"excerpt":{"rendered":"<p>Adresse: Ursula von SiebenthalJungfrauweg 153177 Laupen info@zither-ursula.ch So finden Sie mich: Mit den \u00f6ffentlichen Verkehrsmitteln: Sie erreichen mich mit den \u00d6V Bahn oder Postauto.Vom Bahnhof Laupen sind es zirka 8 Minuten Wegzeit zu Fuss. Mit dem Auto: von Freiburg her:von Neuenburg her:von Bern her:von Bern her:von Murten her: Ausfahrt Autobahn D\u00fcdingenAusfahrt Autobahn KerzersAusfahrt Autobahn M\u00fchlebergAusfahrt [&hellip;]<\/p>\n","protected":false},"author":2,"featured_media":0,"parent":0,"menu_order":50,"comment_status":"closed","ping_status":"closed","template":"","meta":{"footnotes":""},"class_list":["post-34","page","type-page","status-publish","hentry"],"_links":{"self":[{"href":"https:\/\/www.zither-ursula.ch\/index.php?rest_route=\/wp\/v2\/pages\/34","targetHints":{"allow":["GET"]}}],"collection":[{"href":"https:\/\/www.zither-ursula.ch\/index.php?rest_route=\/wp\/v2\/pages"}],"about":[{"href":"https:\/\/www.zither-ursula.ch\/index.php?rest_route=\/wp\/v2\/types\/page"}],"author":[{"embeddable":true,"href":"https:\/\/www.zither-ursula.ch\/index.php?rest_route=\/wp\/v2\/users\/2"}],"replies":[{"embeddable":true,"href":"https:\/\/www.zither-ursula.ch\/index.php?rest_route=%2Fwp%2Fv2%2Fcomments&post=34"}],"version-history":[{"count":6,"href":"https:\/\/www.zither-ursula.ch\/index.php?rest_route=\/wp\/v2\/pages\/34\/revisions"}],"predecessor-version":[{"id":198,"href":"https:\/\/www.zither-ursula.ch\/index.php?rest_route=\/wp\/v2\/pages\/34\/revisions\/198"}],"wp:attachment":[{"href":"https:\/\/www.zither-ursula.ch\/index.php?rest_route=%2Fwp%2Fv2%2Fmedia&parent=34"}],"curies":[{"name":"wp","href":"https:\/\/api.w.org\/{rel}","templated":true}]}}