{"id":2,"date":"2022-03-17T18:39:48","date_gmt":"2022-03-17T17:39:48","guid":{"rendered":"https:\/\/zither-ursula.ch.univers.ch-meta.net\/?page_id=2"},"modified":"2022-03-21T21:52:36","modified_gmt":"2022-03-21T20:52:36","slug":"beispiel-seite","status":"publish","type":"page","link":"https:\/\/www.zither-ursula.ch\/","title":{"rendered":"Herzlich Willkommen"},"content":{"rendered":"\n<p class=\"has-medium-font-size\"><strong>Zithermusik ist Balsam f\u00fcr die Seele und Erholung f\u00fcr den Geist.<\/strong><\/p>\n\n\n\n<p>Die Akkordzither ist ein Instrument zum Spielen von allen Musiksparten, von volkst\u00fcmlich bis klassisch. Die Kombination aus Melodie und Akkordbegleitung entlockt der Zither wundersch\u00f6ne, feine Kl\u00e4nge. Das Spielen der Zither ist in jedem Alter ohne musikalische Vorkenntnisse lernbar. Viel einfacher als Sie denken, ist die Spielweise mit den unterlegten Noten. Sehr schnell spielen Sie einfache Melodien und Lieder, diese Musik ber\u00fchrt und verzaubert Sie.<\/p>\n\n\n\n<p>Zitherunterricht individuell auf Ihre Bed\u00fcrfnisse abgestimmt, das heisst lernen ohne Stress, bietet Ihnen die \u201czither-ursula.ch\u201d im Senseland westlich von Bern an. Ich begr\u00fcsse Sie gerne zu einer musikalischen Schnupperstunde.<\/p>\n\n\n\n<div class=\"wp-block-columns is-layout-flex wp-container-core-columns-is-layout-9d6595d7 wp-block-columns-is-layout-flex\">\n<div class=\"wp-block-column is-layout-flow wp-block-column-is-layout-flow\">\n<p>Die Schnupperstunde\u00a0hat Sie motiviert einen Basiskurs zu besuchen? Oder m\u00f6chten Sie einfach Ihr Repertoire erweitern und Neues lernen? Entsprechend Ihren pers\u00f6nlichen W\u00fcnschen, finden Sie bei mir das individuelle Kursangebot f\u00fcr Akkordzither. <br>Ich freue mich auf Ihre Kontaktaufnahme und danke Ihnen f\u00fcr das Interesse.<\/p>\n\n\n\n<p>Ihre Zither &#8211; Ursula<\/p>\n<\/div>\n\n\n\n<div class=\"wp-block-column is-layout-flow wp-block-column-is-layout-flow\">\n<div class=\"wp-block-image\"><figure class=\"aligncenter size-full is-resized\"><img loading=\"lazy\" decoding=\"async\" src=\"https:\/\/zither-ursula.ch.univers.ch-meta.net\/wp-content\/uploads\/2022\/03\/zither-ursula_1.jpg\" alt=\"\" class=\"wp-image-15\" width=\"156\" height=\"234\" srcset=\"https:\/\/www.zither-ursula.ch\/wp-content\/uploads\/2022\/03\/zither-ursula_1.jpg 427w, https:\/\/www.zither-ursula.ch\/wp-content\/uploads\/2022\/03\/zither-ursula_1-200x300.jpg 200w\" sizes=\"auto, (max-width: 156px) 100vw, 156px\" \/><\/figure><\/div>\n<\/div>\n<\/div>\n\n\n\n<p><\/p>\n","protected":false},"excerpt":{"rendered":"<p>Zithermusik ist Balsam f\u00fcr die Seele und Erholung f\u00fcr den Geist. Die Akkordzither ist ein Instrument zum Spielen von allen Musiksparten, von volkst\u00fcmlich bis klassisch. Die Kombination aus Melodie und Akkordbegleitung entlockt der Zither wundersch\u00f6ne, feine Kl\u00e4nge. Das Spielen der Zither ist in jedem Alter ohne musikalische Vorkenntnisse lernbar. Viel einfacher als Sie denken, ist [&hellip;]<\/p>\n","protected":false},"author":2,"featured_media":0,"parent":0,"menu_order":10,"comment_status":"closed","ping_status":"open","template":"","meta":{"footnotes":""},"class_list":["post-2","page","type-page","status-publish","hentry"],"_links":{"self":[{"href":"https:\/\/www.zither-ursula.ch\/index.php?rest_route=\/wp\/v2\/pages\/2","targetHints":{"allow":["GET"]}}],"collection":[{"href":"https:\/\/www.zither-ursula.ch\/index.php?rest_route=\/wp\/v2\/pages"}],"about":[{"href":"https:\/\/www.zither-ursula.ch\/index.php?rest_route=\/wp\/v2\/types\/page"}],"author":[{"embeddable":true,"href":"https:\/\/www.zither-ursula.ch\/index.php?rest_route=\/wp\/v2\/users\/2"}],"replies":[{"embeddable":true,"href":"https:\/\/www.zither-ursula.ch\/index.php?rest_route=%2Fwp%2Fv2%2Fcomments&post=2"}],"version-history":[{"count":10,"href":"https:\/\/www.zither-ursula.ch\/index.php?rest_route=\/wp\/v2\/pages\/2\/revisions"}],"predecessor-version":[{"id":239,"href":"https:\/\/www.zither-ursula.ch\/index.php?rest_route=\/wp\/v2\/pages\/2\/revisions\/239"}],"wp:attachment":[{"href":"https:\/\/www.zither-ursula.ch\/index.php?rest_route=%2Fwp%2Fv2%2Fmedia&parent=2"}],"curies":[{"name":"wp","href":"https:\/\/api.w.org\/{rel}","templated":true}]}}