{"id":170,"date":"2022-03-20T10:33:26","date_gmt":"2022-03-20T09:33:26","guid":{"rendered":"https:\/\/zither-ursula.ch.univers.ch-meta.net\/?page_id=170"},"modified":"2023-08-19T13:46:33","modified_gmt":"2023-08-19T11:46:33","slug":"datenschutz","status":"publish","type":"page","link":"https:\/\/www.zither-ursula.ch\/?page_id=170","title":{"rendered":"Datenschutzerkl\u00e4rung"},"content":{"rendered":"\n<p class=\"has-large-font-size\">Verantwortlich f\u00fcr die Datenbearbeitung<\/p>\n\n\n\n<p>Die Verantwortlichkeiten f\u00fcr die auf dem Webauftritt www.zither-ursula.ch erhobenen und bearbeiteten Daten, gem\u00e4ss Art. 19 des Datenschutzgesetz SR 235.1, liegen bei:<\/p>\n\n\n\n<p>Ursula von Siebenthal<br>Jungfrauweg 15<br>3177 Laupen<\/p>\n\n\n\n<p>Telefon: 031 747 90 30<br>E-Mail:  info@zither-ursula.ch<\/p>\n\n\n\n<p class=\"has-large-font-size\">Erhobene Daten<\/p>\n\n\n\n<p>Die auf dem Webauftritt www.zither-ursula.ch erhobenen Daten sind folgende:<\/p>\n\n\n\n<p>a) Datenerfassung \u00fcber das Kontaktformular<br>b) Automatische Erfassung technischer Daten<\/p>\n\n\n\n<p class=\"has-large-font-size\">Datensicherheit<\/p>\n\n\n\n<p>Alle Daten\u00fcbertragungen des Webauftritts www.zither-ursula.ch erfolgen mittels SSL Verschl\u00fcsselung (https) gem\u00e4ss dem aktuellen Stand der technischen M\u00f6glichkeiten. Dies sowohl bei Seitenabfragen wie auch bei der \u00dcbertragung von Formulardaten.<\/p>\n\n\n\n<p class=\"has-large-font-size\">Bearbeitung der erhobenen Daten<\/p>\n\n\n\n<p class=\"has-medium-font-size\">a) Datenerfassung \u00fcber das Kontaktformular<\/p>\n\n\n\n<p>\u00dcber das Kontaktformular werden nachfolgende Daten erfasst, welche erforderlich sind, um die Mitteilung bearbeiten zu k\u00f6nnen.<\/p>\n\n\n\n<ul class=\"wp-block-list\">\n<li>&#8211; Anrede<\/li>\n\n\n\n<li>&#8211; Name, Vorname<\/li>\n\n\n\n<li>&#8211; Adresse, Hausnummer<\/li>\n\n\n\n<li>&#8211; Postleitzahl, Ort<\/li>\n\n\n\n<li>&#8211; Telefon<\/li>\n\n\n\n<li>&#8211; E-Mail Adresse<\/li>\n\n\n\n<li>&#8211; Betreff<\/li>\n\n\n\n<li>&#8211; Nachricht<\/li>\n<\/ul>\n\n\n\n<p>Durch Absenden des Kontaktformulars wird aus den eingegebenen Daten eine automatische E-Mail Nachricht generiert und an Ursula von Siebenthal gesendet. Eine Kopie der durch das System generierten E-Mail Nachricht wird automatisch ebenfalls an den absendenden Besucher gesandt. Somit hat der Besucher bereits gleichzeitig und unaufgefordert die volle Einsicht \u00fcber seine abgegebenen Daten.<\/p>\n\n\n\n<p>Die erhobenen Daten werden nur zum Zweck der weiteren Bearbeitung der Anfrage verwendet. Die vom Besucher gesandten Daten werden nicht gespeichert und nicht Dritten zugespielt. Es finden ebenfalls keine personenbezogenen Auswertungen statt.<\/p>\n\n\n\n<p class=\"has-medium-font-size\">b) Automatische Erfassung technischer Daten<\/p>\n\n\n\n<p>Durch das System des Webbetreibers (Webhoster) werden technische Daten erfasst. Die Erfassung dieser Daten erfolgt automatisch und dient ausschliesslich der \u00dcberwachung der technischen Funktionalit\u00e4t und Verf\u00fcgbarkeit des Webauftritts www.zither-ursula.ch.<\/p>\n\n\n\n<p>Folgende technische Daten werden erfasst:<\/p>\n\n\n\n<ul class=\"wp-block-list\">\n<li>&#8211; verwendeter Browsertyp\/-version (Internet Explorer)<\/li>\n\n\n\n<li>&#8211; verwendetes Betriebssystem<\/li>\n\n\n\n<li>&#8211; Verweis-URL (die zuvor besuchte Webseite)<\/li>\n\n\n\n<li>&#8211; Hostname und IP Adresse des Rechners des Besuchers<\/li>\n\n\n\n<li>&#8211; Datum und Uhrzeit des Zugriffs (Serveranfrage)<\/li>\n\n\n\n<li>&#8211; Name der aufgerufene Seiten und Dateien<\/li>\n\n\n\n<li>&#8211; die \u00fcbertragene Datenmenge<\/li>\n\n\n\n<li>&#8211; Meldung \u00fcber erfolgreichen Abruf<\/li>\n<\/ul>\n\n\n\n<p>Die erfassten technischen Daten k\u00f6nnen nicht bestimmten Personen zugeordnet werden, und werden vom Webhoster statistisch und anonym ausgewertet, soweit es die technische \u00dcberwachung oder die gesetzlichen Bestimmungen erfordern. Nach der gesetzlichen Aufbewahrungspflicht werden diese Daten automatisch gel\u00f6scht. Diese Daten werden streng vertraulich behandelt, nicht weitergegeben und nicht Dritten zug\u00e4nglich gemacht. Diese Daten sowie alle Daten der Website www.zither-ursula.ch werden bei unserem Webhoster METANET AG, Josefstrasse 218, CH-8005 Z\u00fcrich gespeichert, deren Datenschutzerkl\u00e4rung finden Sie <a rel=\"noreferrer noopener\" href=\"https:\/\/www.metanet.ch\/de\/ueber-metanet\/datenschutzerklaerung\" target=\"_blank\">hier<\/a>.<\/p>\n\n\n\n<p class=\"has-large-font-size\">Cookies und Analysedienste<\/p>\n\n\n\n<p>Der Webauftritt www.zither-ursula.ch nutzt keine Cookies und keine Analysedienste. Es finden somit keine statistischen Erhebungen, sowie keine benutzer- oder personenbezogenen Analysen statt, welche das Benutzerverhalten auswerten oder beeinflussen k\u00f6nnten.<\/p>\n\n\n\n<p class=\"has-text-align-center has-small-font-size\">(Datenschutzerkl\u00e4rung V1 &#8211; 19.08.2023)<\/p>\n\n\n\n<p><\/p>\n","protected":false},"excerpt":{"rendered":"<p>Verantwortlich f\u00fcr die Datenbearbeitung Die Verantwortlichkeiten f\u00fcr die auf dem Webauftritt www.zither-ursula.ch erhobenen und bearbeiteten Daten, gem\u00e4ss Art. 19 des Datenschutzgesetz SR 235.1, liegen bei: Ursula von SiebenthalJungfrauweg 153177 Laupen Telefon: 031 747 90 30E-Mail: info@zither-ursula.ch Erhobene Daten Die auf dem Webauftritt www.zither-ursula.ch erhobenen Daten sind folgende: a) Datenerfassung \u00fcber das Kontaktformularb) Automatische Erfassung technischer [&hellip;]<\/p>\n","protected":false},"author":2,"featured_media":0,"parent":0,"menu_order":90,"comment_status":"closed","ping_status":"closed","template":"","meta":{"footnotes":""},"class_list":["post-170","page","type-page","status-publish","hentry"],"_links":{"self":[{"href":"https:\/\/www.zither-ursula.ch\/index.php?rest_route=\/wp\/v2\/pages\/170","targetHints":{"allow":["GET"]}}],"collection":[{"href":"https:\/\/www.zither-ursula.ch\/index.php?rest_route=\/wp\/v2\/pages"}],"about":[{"href":"https:\/\/www.zither-ursula.ch\/index.php?rest_route=\/wp\/v2\/types\/page"}],"author":[{"embeddable":true,"href":"https:\/\/www.zither-ursula.ch\/index.php?rest_route=\/wp\/v2\/users\/2"}],"replies":[{"embeddable":true,"href":"https:\/\/www.zither-ursula.ch\/index.php?rest_route=%2Fwp%2Fv2%2Fcomments&post=170"}],"version-history":[{"count":11,"href":"https:\/\/www.zither-ursula.ch\/index.php?rest_route=\/wp\/v2\/pages\/170\/revisions"}],"predecessor-version":[{"id":278,"href":"https:\/\/www.zither-ursula.ch\/index.php?rest_route=\/wp\/v2\/pages\/170\/revisions\/278"}],"wp:attachment":[{"href":"https:\/\/www.zither-ursula.ch\/index.php?rest_route=%2Fwp%2Fv2%2Fmedia&parent=170"}],"curies":[{"name":"wp","href":"https:\/\/api.w.org\/{rel}","templated":true}]}}