{"id":17,"date":"2022-03-17T20:37:53","date_gmt":"2022-03-17T19:37:53","guid":{"rendered":"https:\/\/zither-ursula.ch.univers.ch-meta.net\/?page_id=17"},"modified":"2022-03-22T09:19:19","modified_gmt":"2022-03-22T08:19:19","slug":"kursangebot","status":"publish","type":"page","link":"https:\/\/www.zither-ursula.ch\/?page_id=17","title":{"rendered":"Kursangebot"},"content":{"rendered":"\n<div class=\"wp-block-columns is-layout-flex wp-container-core-columns-is-layout-9d6595d7 wp-block-columns-is-layout-flex\">\n<div class=\"wp-block-column is-layout-flow wp-block-column-is-layout-flow\" style=\"flex-basis:33.33%\">\n<p class=\"has-medium-font-size\"><strong>Der Basiskurs:<\/strong><\/p>\n<\/div>\n\n\n\n<div class=\"wp-block-column is-layout-flow wp-block-column-is-layout-flow\" style=\"flex-basis:66.66%\">\n<p>Die musikalische Vielfalt der einfachen Melodien vermittelt gleichzeitig auch einen Teil der minimalen Musiktheorie.<\/p>\n\n\n\n<ul class=\"wp-block-list\"><li>&#8211;  die Akkordzither stimmen und pflegen<\/li><li>&#8211;  die Spielhaltung<\/li><li>&#8211;  die Spieltechnik<\/li><li>&#8211;  einfache Melodien<\/li><li>&#8211;  Takt und Notenwert<\/li><\/ul>\n<\/div>\n<\/div>\n\n\n\n<div class=\"wp-block-columns is-layout-flex wp-container-core-columns-is-layout-9d6595d7 wp-block-columns-is-layout-flex\">\n<div class=\"wp-block-column is-layout-flow wp-block-column-is-layout-flow\" style=\"flex-basis:33.33%\">\n<p class=\"has-medium-font-size\"><strong>Voraussetzungen:<\/strong><\/p>\n<\/div>\n\n\n\n<div class=\"wp-block-column is-layout-flow wp-block-column-is-layout-flow\" style=\"flex-basis:66.66%\">\n<div class=\"wp-block-columns is-layout-flex wp-container-core-columns-is-layout-9d6595d7 wp-block-columns-is-layout-flex\">\n<div class=\"wp-block-column is-layout-flow wp-block-column-is-layout-flow\">\n<p>Keine. Sie werden individuell unterst\u00fctzt und begleitet. Das Lerntempo bestimmen Sie selber.<\/p>\n<\/div>\n\n\n\n<div class=\"wp-block-column is-layout-flow wp-block-column-is-layout-flow\">\n<figure class=\"wp-block-image size-full\"><img loading=\"lazy\" decoding=\"async\" width=\"640\" height=\"427\" src=\"https:\/\/zither-ursula.ch.univers.ch-meta.net\/wp-content\/uploads\/2022\/03\/zither-ursula_3.jpg\" alt=\"\" class=\"wp-image-183\" srcset=\"https:\/\/www.zither-ursula.ch\/wp-content\/uploads\/2022\/03\/zither-ursula_3.jpg 640w, https:\/\/www.zither-ursula.ch\/wp-content\/uploads\/2022\/03\/zither-ursula_3-300x200.jpg 300w\" sizes=\"auto, (max-width: 640px) 100vw, 640px\" \/><\/figure>\n<\/div>\n<\/div>\n<\/div>\n<\/div>\n\n\n\n<hr class=\"wp-block-separator has-text-color has-background has-cyan-bluish-gray-background-color has-cyan-bluish-gray-color is-style-default\"\/>\n\n\n\n<div class=\"wp-block-columns is-layout-flex wp-container-core-columns-is-layout-9d6595d7 wp-block-columns-is-layout-flex\">\n<div class=\"wp-block-column is-layout-flow wp-block-column-is-layout-flow\" style=\"flex-basis:33.33%\">\n<p class=\"has-medium-font-size\"><strong>Die Aufbaukurse:<\/strong><\/p>\n<\/div>\n\n\n\n<div class=\"wp-block-column is-layout-flow wp-block-column-is-layout-flow\" style=\"flex-basis:66.66%\">\n<p>Diese sind Themen-orientiert und ber\u00fccksichtigen Ihre individuellen W\u00fcnsche.<\/p>\n\n\n\n<ul class=\"wp-block-list\"><li>&#8211;  das Repertoire erweitern und Neues dazu lernen<\/li><li>&#8211;  verschiedene Begleitarten wie Primo, Duplo, Rondo, oder Arpeggio<\/li><li>&#8211;  mit dem Metronom taktvoll musizieren<\/li><li>&#8211;  Moll Melodien gesetzt in alter- und neuer Notenschreibung<\/li><\/ul>\n<\/div>\n<\/div>\n\n\n\n<hr class=\"wp-block-separator has-text-color has-background has-cyan-bluish-gray-background-color has-cyan-bluish-gray-color\"\/>\n\n\n\n<div class=\"wp-block-columns is-layout-flex wp-container-core-columns-is-layout-9d6595d7 wp-block-columns-is-layout-flex\">\n<div class=\"wp-block-column is-layout-flow wp-block-column-is-layout-flow\" style=\"flex-basis:33.33%\">\n<p class=\"has-medium-font-size\"><strong>Leihinstrument:<\/strong><\/p>\n<\/div>\n\n\n\n<div class=\"wp-block-column is-layout-flow wp-block-column-is-layout-flow\" style=\"flex-basis:66.66%\">\n<p>F\u00fcr die&nbsp;<strong>Schnupperstunde<\/strong>&nbsp;wird Ihnen ein Instrument und das Notenmaterial gratis zur Verf\u00fcgung gestellt.<\/p>\n<\/div>\n<\/div>\n\n\n\n<div class=\"wp-block-columns is-layout-flex wp-container-core-columns-is-layout-9d6595d7 wp-block-columns-is-layout-flex\">\n<div class=\"wp-block-column is-layout-flow wp-block-column-is-layout-flow\" style=\"flex-basis:33.33%\">\n<p class=\"has-medium-font-size\"><strong>Mietinstrument:<\/strong><\/p>\n<\/div>\n\n\n\n<div class=\"wp-block-column is-layout-flow wp-block-column-is-layout-flow\" style=\"flex-basis:66.66%\">\n<p>Damit der Unterricht beginnen kann, besteht die M\u00f6glichkeit eine Akkordzither zu mieten. Eine Mietvereinbarung regelt die Einzelheiten \u00fcber Benutzung und Haftung bei Besch\u00e4digung.<\/p>\n<\/div>\n<\/div>\n","protected":false},"excerpt":{"rendered":"<p>Der Basiskurs: Die musikalische Vielfalt der einfachen Melodien vermittelt gleichzeitig auch einen Teil der minimalen Musiktheorie. &#8211; die Akkordzither stimmen und pflegen &#8211; die Spielhaltung &#8211; die Spieltechnik &#8211; einfache Melodien &#8211; Takt und Notenwert Voraussetzungen: Keine. Sie werden individuell unterst\u00fctzt und begleitet. Das Lerntempo bestimmen Sie selber. Die Aufbaukurse: Diese sind Themen-orientiert und ber\u00fccksichtigen [&hellip;]<\/p>\n","protected":false},"author":2,"featured_media":0,"parent":0,"menu_order":20,"comment_status":"closed","ping_status":"closed","template":"","meta":{"footnotes":""},"class_list":["post-17","page","type-page","status-publish","hentry"],"_links":{"self":[{"href":"https:\/\/www.zither-ursula.ch\/index.php?rest_route=\/wp\/v2\/pages\/17","targetHints":{"allow":["GET"]}}],"collection":[{"href":"https:\/\/www.zither-ursula.ch\/index.php?rest_route=\/wp\/v2\/pages"}],"about":[{"href":"https:\/\/www.zither-ursula.ch\/index.php?rest_route=\/wp\/v2\/types\/page"}],"author":[{"embeddable":true,"href":"https:\/\/www.zither-ursula.ch\/index.php?rest_route=\/wp\/v2\/users\/2"}],"replies":[{"embeddable":true,"href":"https:\/\/www.zither-ursula.ch\/index.php?rest_route=%2Fwp%2Fv2%2Fcomments&post=17"}],"version-history":[{"count":19,"href":"https:\/\/www.zither-ursula.ch\/index.php?rest_route=\/wp\/v2\/pages\/17\/revisions"}],"predecessor-version":[{"id":241,"href":"https:\/\/www.zither-ursula.ch\/index.php?rest_route=\/wp\/v2\/pages\/17\/revisions\/241"}],"wp:attachment":[{"href":"https:\/\/www.zither-ursula.ch\/index.php?rest_route=%2Fwp%2Fv2%2Fmedia&parent=17"}],"curies":[{"name":"wp","href":"https:\/\/api.w.org\/{rel}","templated":true}]}}